{"id":1395,"date":"2024-07-09T18:17:35","date_gmt":"2024-07-09T16:17:35","guid":{"rendered":"https:\/\/solarpunkcities.com\/solarpunk\/"},"modified":"2025-12-02T13:09:22","modified_gmt":"2025-12-02T11:09:22","slug":"solarpunk","status":"publish","type":"page","link":"https:\/\/solarpunkcities.com\/de\/solarpunk\/","title":{"rendered":"Solarpunk"},"content":{"rendered":"\t\t<div data-elementor-type=\"wp-page\" data-elementor-id=\"1395\" class=\"elementor elementor-1395 elementor-134\" data-elementor-post-type=\"page\">\n\t\t\t\t<div class=\"elementor-element elementor-element-11478fa e-con-full e-flex e-con e-parent\" data-id=\"11478fa\" data-element_type=\"container\" data-e-type=\"container\" data-settings=\"{&quot;background_background&quot;:&quot;classic&quot;}\">\n\t\t<div class=\"elementor-element elementor-element-51a70c0 e-con-full e-flex e-con e-child\" data-id=\"51a70c0\" data-element_type=\"container\" data-e-type=\"container\">\n\t\t\t\t<div class=\"elementor-element elementor-element-75faccf elementor-widget elementor-widget-image\" data-id=\"75faccf\" data-element_type=\"widget\" data-e-type=\"widget\" data-widget_type=\"image.default\">\n\t\t\t\t<div class=\"elementor-widget-container\">\n\t\t\t\t\t\t\t\t\t\t\t\t\t\t\t<img fetchpriority=\"high\" decoding=\"async\" width=\"748\" height=\"1024\" src=\"https:\/\/solarpunkcities.com\/wp-content\/uploads\/2024\/07\/Solarpunk-header-e1720624481407-748x1024.png\" class=\"attachment-large size-large wp-image-1240\" alt=\"\" srcset=\"https:\/\/solarpunkcities.com\/wp-content\/uploads\/2024\/07\/Solarpunk-header-e1720624481407-748x1024.png 748w, https:\/\/solarpunkcities.com\/wp-content\/uploads\/2024\/07\/Solarpunk-header-e1720624481407-219x300.png 219w, https:\/\/solarpunkcities.com\/wp-content\/uploads\/2024\/07\/Solarpunk-header-e1720624481407-768x1052.png 768w, https:\/\/solarpunkcities.com\/wp-content\/uploads\/2024\/07\/Solarpunk-header-e1720624481407.png 901w\" sizes=\"(max-width: 748px) 100vw, 748px\" \/>\t\t\t\t\t\t\t\t\t\t\t\t\t\t\t<\/div>\n\t\t\t\t<\/div>\n\t\t\t\t<\/div>\n\t\t<div class=\"elementor-element elementor-element-d43d23f e-con-full e-flex e-con e-child\" data-id=\"d43d23f\" data-element_type=\"container\" data-e-type=\"container\">\n\t\t\t\t<div class=\"elementor-element elementor-element-62d827a elementor-hidden-widescreen elementor-hidden-desktop elementor-hidden-laptop elementor-widget elementor-widget-image\" data-id=\"62d827a\" data-element_type=\"widget\" data-e-type=\"widget\" data-widget_type=\"image.default\">\n\t\t\t\t<div class=\"elementor-widget-container\">\n\t\t\t\t\t\t\t\t\t\t\t\t\t\t\t<img decoding=\"async\" width=\"800\" height=\"256\" data-src=\"https:\/\/solarpunkcities.com\/wp-content\/uploads\/2024\/07\/Hintergrund-Solarpunk2-e1720624856892-1024x328.png\" class=\"attachment-large size-large wp-image-1242 lazyload\" alt=\"\" data-srcset=\"https:\/\/solarpunkcities.com\/wp-content\/uploads\/2024\/07\/Hintergrund-Solarpunk2-e1720624856892-1024x328.png 1024w, https:\/\/solarpunkcities.com\/wp-content\/uploads\/2024\/07\/Hintergrund-Solarpunk2-e1720624856892-300x96.png 300w, https:\/\/solarpunkcities.com\/wp-content\/uploads\/2024\/07\/Hintergrund-Solarpunk2-e1720624856892-768x246.png 768w, https:\/\/solarpunkcities.com\/wp-content\/uploads\/2024\/07\/Hintergrund-Solarpunk2-e1720624856892-1536x493.png 1536w, https:\/\/solarpunkcities.com\/wp-content\/uploads\/2024\/07\/Hintergrund-Solarpunk2-e1720624856892-2048x657.png 2048w\" data-sizes=\"(max-width: 800px) 100vw, 800px\" src=\"data:image\/svg+xml;base64,PHN2ZyB3aWR0aD0iMSIgaGVpZ2h0PSIxIiB4bWxucz0iaHR0cDovL3d3dy53My5vcmcvMjAwMC9zdmciPjwvc3ZnPg==\" style=\"--smush-placeholder-width: 800px; --smush-placeholder-aspect-ratio: 800\/256;\" \/>\t\t\t\t\t\t\t\t\t\t\t\t\t\t\t<\/div>\n\t\t\t\t<\/div>\n\t\t\t\t<div class=\"elementor-element elementor-element-e30fd38 elementor-widget elementor-widget-heading\" data-id=\"e30fd38\" data-element_type=\"widget\" data-e-type=\"widget\" data-widget_type=\"heading.default\">\n\t\t\t\t<div class=\"elementor-widget-container\">\n\t\t\t\t\t<span class=\"elementor-heading-title elementor-size-default\">Vision<\/span>\t\t\t\t<\/div>\n\t\t\t\t<\/div>\n\t\t\t\t<div class=\"elementor-element elementor-element-7e05cbc elementor-widget elementor-widget-heading\" data-id=\"7e05cbc\" data-element_type=\"widget\" data-e-type=\"widget\" data-widget_type=\"heading.default\">\n\t\t\t\t<div class=\"elementor-widget-container\">\n\t\t\t\t\t<h1 class=\"elementor-heading-title elementor-size-default\"><b>Was ist Solarpunk<\/b> \u00fcberhaupt?<\/h1>\t\t\t\t<\/div>\n\t\t\t\t<\/div>\n\t\t\t\t<div class=\"elementor-element elementor-element-98e25ca elementor-widget elementor-widget-text-editor\" data-id=\"98e25ca\" data-element_type=\"widget\" data-e-type=\"widget\" data-widget_type=\"text-editor.default\">\n\t\t\t\t<div class=\"elementor-widget-container\">\n\t\t\t\t\t\t\t\t\t<p>Solarpunk ist eine zukunftsweisende Kultur- und Designphilosophie, die eine nachhaltige, umweltfreundliche und optimistische Zukunft anstrebt. Es kombiniert Elemente des Umweltschutzes, der erneuerbaren Energien und der Technologie, um eine integrative und harmonische Welt zu schaffen.<\/p><p>Schaut auch unser Video <strong><a href=\"https:\/\/www.youtube.com\/watch?v=85ffvvqe6VA\">What&#8217;s Solarpunk?<\/a><\/strong><\/p>\t\t\t\t\t\t\t\t<\/div>\n\t\t\t\t<\/div>\n\t\t\t\t<\/div>\n\t\t\t\t<\/div>\n\t\t<div class=\"elementor-element elementor-element-6915eab e-flex e-con-boxed e-con e-parent\" data-id=\"6915eab\" data-element_type=\"container\" data-e-type=\"container\" data-settings=\"{&quot;background_background&quot;:&quot;classic&quot;}\">\n\t\t\t\t\t<div class=\"e-con-inner\">\n\t\t\t\t<div class=\"elementor-element elementor-element-888de27 elementor-widget elementor-widget-heading\" data-id=\"888de27\" data-element_type=\"widget\" data-e-type=\"widget\" data-widget_type=\"heading.default\">\n\t\t\t\t<div class=\"elementor-widget-container\">\n\t\t\t\t\t<h3 class=\"elementor-heading-title elementor-size-default\"><b>Solarpunk-Prinzipien<\/b><\/h3>\t\t\t\t<\/div>\n\t\t\t\t<\/div>\n\t\t<div class=\"elementor-element elementor-element-a346e28 e-con-full e-flex e-con e-child\" data-id=\"a346e28\" data-element_type=\"container\" data-e-type=\"container\">\n\t\t\t\t<div class=\"elementor-element elementor-element-65c9808 elementor-widget elementor-widget-heading\" data-id=\"65c9808\" data-element_type=\"widget\" data-e-type=\"widget\" data-widget_type=\"heading.default\">\n\t\t\t\t<div class=\"elementor-widget-container\">\n\t\t\t\t\t<span class=\"elementor-heading-title elementor-size-default\">Optimismus<\/span>\t\t\t\t<\/div>\n\t\t\t\t<\/div>\n\t\t\t\t<div class=\"elementor-element elementor-element-77e46e0 elementor-widget elementor-widget-heading\" data-id=\"77e46e0\" data-element_type=\"widget\" data-e-type=\"widget\" data-widget_type=\"heading.default\">\n\t\t\t\t<div class=\"elementor-widget-container\">\n\t\t\t\t\t<span class=\"elementor-heading-title elementor-size-default\">Soziale und Gerechtigkeitsaspekte<\/span>\t\t\t\t<\/div>\n\t\t\t\t<\/div>\n\t\t\t\t<div class=\"elementor-element elementor-element-2a55473 elementor-widget elementor-widget-heading\" data-id=\"2a55473\" data-element_type=\"widget\" data-e-type=\"widget\" data-widget_type=\"heading.default\">\n\t\t\t\t<div class=\"elementor-widget-container\">\n\t\t\t\t\t<span class=\"elementor-heading-title elementor-size-default\">Dezentralisierung<\/span>\t\t\t\t<\/div>\n\t\t\t\t<\/div>\n\t\t\t\t<div class=\"elementor-element elementor-element-0c3758a elementor-widget elementor-widget-heading\" data-id=\"0c3758a\" data-element_type=\"widget\" data-e-type=\"widget\" data-widget_type=\"heading.default\">\n\t\t\t\t<div class=\"elementor-widget-container\">\n\t\t\t\t\t<span class=\"elementor-heading-title elementor-size-default\">Artenvielfalt<\/span>\t\t\t\t<\/div>\n\t\t\t\t<\/div>\n\t\t\t\t<div class=\"elementor-element elementor-element-b57cd3d elementor-widget elementor-widget-heading\" data-id=\"b57cd3d\" data-element_type=\"widget\" data-e-type=\"widget\" data-widget_type=\"heading.default\">\n\t\t\t\t<div class=\"elementor-widget-container\">\n\t\t\t\t\t<span class=\"elementor-heading-title elementor-size-default\">Gr\u00fcne Energie und Technologie<\/span>\t\t\t\t<\/div>\n\t\t\t\t<\/div>\n\t\t\t\t<div class=\"elementor-element elementor-element-1b0269f elementor-widget elementor-widget-heading\" data-id=\"1b0269f\" data-element_type=\"widget\" data-e-type=\"widget\" data-widget_type=\"heading.default\">\n\t\t\t\t<div class=\"elementor-widget-container\">\n\t\t\t\t\t<span class=\"elementor-heading-title elementor-size-default\">Kunst und \u00c4sthetik<\/span>\t\t\t\t<\/div>\n\t\t\t\t<\/div>\n\t\t\t\t<div class=\"elementor-element elementor-element-857eb8f elementor-widget elementor-widget-heading\" data-id=\"857eb8f\" data-element_type=\"widget\" data-e-type=\"widget\" data-widget_type=\"heading.default\">\n\t\t\t\t<div class=\"elementor-widget-container\">\n\t\t\t\t\t<span class=\"elementor-heading-title elementor-size-default\">Punk<\/span>\t\t\t\t<\/div>\n\t\t\t\t<\/div>\n\t\t\t\t<\/div>\n\t\t\t\t\t<\/div>\n\t\t\t\t<\/div>\n\t\t<div class=\"elementor-element elementor-element-f702779 e-flex e-con-boxed e-con e-parent\" data-id=\"f702779\" data-element_type=\"container\" data-e-type=\"container\">\n\t\t\t\t\t<div class=\"e-con-inner\">\n\t\t<div class=\"elementor-element elementor-element-5729663 e-con-full e-flex e-con e-child\" data-id=\"5729663\" data-element_type=\"container\" data-e-type=\"container\">\n\t\t\t\t<div class=\"elementor-element elementor-element-b540302 elementor-widget elementor-widget-heading\" data-id=\"b540302\" data-element_type=\"widget\" data-e-type=\"widget\" data-widget_type=\"heading.default\">\n\t\t\t\t<div class=\"elementor-widget-container\">\n\t\t\t\t\t<h4 class=\"elementor-heading-title elementor-size-default\">Optimismus<\/h4>\t\t\t\t<\/div>\n\t\t\t\t<\/div>\n\t\t\t\t<div class=\"elementor-element elementor-element-1eb8eff elementor-widget elementor-widget-text-editor\" data-id=\"1eb8eff\" data-element_type=\"widget\" data-e-type=\"widget\" data-widget_type=\"text-editor.default\">\n\t\t\t\t<div class=\"elementor-widget-container\">\n\t\t\t\t\t\t\t\t\t<p>Im Gegensatz zu einigen dystopischen Zukunftsvisionen ist Solarpunk hoffnungsvoll und optimistisch und glaubt an die F\u00e4higkeit der Menschheit, durch Innovation und Zusammenarbeit eine bessere Welt zu schaffen.<\/p>\n\t\t\t\t\t\t\t\t<\/div>\n\t\t\t\t<\/div>\n\t\t\t\t<div class=\"elementor-element elementor-element-7a13e74 elementor-widget elementor-widget-heading\" data-id=\"7a13e74\" data-element_type=\"widget\" data-e-type=\"widget\" data-widget_type=\"heading.default\">\n\t\t\t\t<div class=\"elementor-widget-container\">\n\t\t\t\t\t<h4 class=\"elementor-heading-title elementor-size-default\">Soziale Aspekte und Gerechtigkeit<\/h4>\t\t\t\t<\/div>\n\t\t\t\t<\/div>\n\t\t\t\t<div class=\"elementor-element elementor-element-ff15a11 elementor-widget elementor-widget-text-editor\" data-id=\"ff15a11\" data-element_type=\"widget\" data-e-type=\"widget\" data-widget_type=\"text-editor.default\">\n\t\t\t\t<div class=\"elementor-widget-container\">\n\t\t\t\t\t\t\t\t\t<p>Im Kern ist Solarpunk eine Vision von einer Welt, die nicht nur nachhaltig, sondern auch gerecht und fair ist. Das bedeutet, dass es eine Welt ist, in der jeder die M\u00f6glichkeit hat, sich zu entfalten, unabh\u00e4ngig von seiner Ethnie, seinem Geschlecht, seiner Klasse oder einem anderen sozialen oder wirtschaftlichen Faktor.<\/p><p>Solarpunk erkennt an, dass die Klimakrise eine Frage der sozialen Gerechtigkeit ist und dass sie die schw\u00e4chsten Menschen in der Gesellschaft unverh\u00e4ltnism\u00e4\u00dfig stark betrifft.<\/p><p>Mensch, Natur und Technologie gehen Hand in Hand und gedeihen auf konstruktive und friedliche Weise.<\/p>\t\t\t\t\t\t\t\t<\/div>\n\t\t\t\t<\/div>\n\t\t\t\t<\/div>\n\t\t<div class=\"elementor-element elementor-element-b9e3809 e-con-full e-flex e-con e-child\" data-id=\"b9e3809\" data-element_type=\"container\" data-e-type=\"container\">\n\t\t\t\t<div class=\"elementor-element elementor-element-d0af070 elementor-widget elementor-widget-image\" data-id=\"d0af070\" data-element_type=\"widget\" data-e-type=\"widget\" data-widget_type=\"image.default\">\n\t\t\t\t<div class=\"elementor-widget-container\">\n\t\t\t\t\t\t\t\t\t\t\t\t\t\t\t<img decoding=\"async\" width=\"800\" height=\"800\" data-src=\"https:\/\/solarpunkcities.com\/wp-content\/uploads\/2024\/07\/Solarpunk-about-1024x1024.png\" class=\"attachment-large size-large wp-image-1243 lazyload\" alt=\"\" data-srcset=\"https:\/\/solarpunkcities.com\/wp-content\/uploads\/2024\/07\/Solarpunk-about-1024x1024.png 1024w, https:\/\/solarpunkcities.com\/wp-content\/uploads\/2024\/07\/Solarpunk-about-e1720625697473-300x300.png 300w, https:\/\/solarpunkcities.com\/wp-content\/uploads\/2024\/07\/Solarpunk-about-e1720625697473-150x150.png 150w, https:\/\/solarpunkcities.com\/wp-content\/uploads\/2024\/07\/Solarpunk-about-e1720625697473-768x768.png 768w, https:\/\/solarpunkcities.com\/wp-content\/uploads\/2024\/07\/Solarpunk-about-e1720625697473.png 884w\" data-sizes=\"(max-width: 800px) 100vw, 800px\" src=\"data:image\/svg+xml;base64,PHN2ZyB3aWR0aD0iMSIgaGVpZ2h0PSIxIiB4bWxucz0iaHR0cDovL3d3dy53My5vcmcvMjAwMC9zdmciPjwvc3ZnPg==\" style=\"--smush-placeholder-width: 800px; --smush-placeholder-aspect-ratio: 800\/800;\" \/>\t\t\t\t\t\t\t\t\t\t\t\t\t\t\t<\/div>\n\t\t\t\t<\/div>\n\t\t\t\t<\/div>\n\t\t\t\t\t<\/div>\n\t\t\t\t<\/div>\n\t\t<div class=\"elementor-element elementor-element-91c465c e-grid e-con-boxed e-con e-parent\" data-id=\"91c465c\" data-element_type=\"container\" data-e-type=\"container\">\n\t\t\t\t\t<div class=\"e-con-inner\">\n\t\t<div class=\"elementor-element elementor-element-ae85ac5 e-con-full e-flex e-con e-child\" data-id=\"ae85ac5\" data-element_type=\"container\" data-e-type=\"container\">\n\t\t\t\t<div class=\"elementor-element elementor-element-1ce7e04 elementor-widget elementor-widget-image\" data-id=\"1ce7e04\" data-element_type=\"widget\" data-e-type=\"widget\" data-widget_type=\"image.default\">\n\t\t\t\t<div class=\"elementor-widget-container\">\n\t\t\t\t\t\t\t\t\t\t\t\t\t\t\t<img decoding=\"async\" width=\"800\" height=\"800\" data-src=\"https:\/\/solarpunkcities.com\/wp-content\/uploads\/2024\/07\/Solarpunk-about2-1024x1024.png\" class=\"attachment-large size-large wp-image-1244 lazyload\" alt=\"\" data-srcset=\"https:\/\/solarpunkcities.com\/wp-content\/uploads\/2024\/07\/Solarpunk-about2-1024x1024.png 1024w, https:\/\/solarpunkcities.com\/wp-content\/uploads\/2024\/07\/Solarpunk-about2-e1720626183899-300x300.png 300w, https:\/\/solarpunkcities.com\/wp-content\/uploads\/2024\/07\/Solarpunk-about2-e1720626183899-150x150.png 150w, https:\/\/solarpunkcities.com\/wp-content\/uploads\/2024\/07\/Solarpunk-about2-e1720626183899-768x768.png 768w, https:\/\/solarpunkcities.com\/wp-content\/uploads\/2024\/07\/Solarpunk-about2-e1720626183899.png 886w\" data-sizes=\"(max-width: 800px) 100vw, 800px\" src=\"data:image\/svg+xml;base64,PHN2ZyB3aWR0aD0iMSIgaGVpZ2h0PSIxIiB4bWxucz0iaHR0cDovL3d3dy53My5vcmcvMjAwMC9zdmciPjwvc3ZnPg==\" style=\"--smush-placeholder-width: 800px; --smush-placeholder-aspect-ratio: 800\/800;\" \/>\t\t\t\t\t\t\t\t\t\t\t\t\t\t\t<\/div>\n\t\t\t\t<\/div>\n\t\t\t\t<\/div>\n\t\t<div class=\"elementor-element elementor-element-674257a e-con-full e-flex e-con e-child\" data-id=\"674257a\" data-element_type=\"container\" data-e-type=\"container\">\n\t\t\t\t<div class=\"elementor-element elementor-element-d94ab76 elementor-widget elementor-widget-heading\" data-id=\"d94ab76\" data-element_type=\"widget\" data-e-type=\"widget\" data-widget_type=\"heading.default\">\n\t\t\t\t<div class=\"elementor-widget-container\">\n\t\t\t\t\t<h4 class=\"elementor-heading-title elementor-size-default\">Dezentralisierung<\/h4>\t\t\t\t<\/div>\n\t\t\t\t<\/div>\n\t\t\t\t<div class=\"elementor-element elementor-element-ad51be0 elementor-widget elementor-widget-text-editor\" data-id=\"ad51be0\" data-element_type=\"widget\" data-e-type=\"widget\" data-widget_type=\"text-editor.default\">\n\t\t\t\t<div class=\"elementor-widget-container\">\n\t\t\t\t\t\t\t\t\t<p>Die Bewegung f\u00f6rdert lokalisierte und gemeinschaftsbasierte L\u00f6sungen f\u00fcr die Energieerzeugung, den Nahrungsmittelanbau und das Ressourcenmanagement und verringert so die Abh\u00e4ngigkeit von zentralisierten Systemen und Beh\u00f6rden. Entscheidungen werden kollektiv getroffen, wobei Nachhaltigkeit und Umweltvertr\u00e4glichkeit ber\u00fccksichtigt werden.<\/p>\n\t\t\t\t\t\t\t\t<\/div>\n\t\t\t\t<\/div>\n\t\t\t\t<div class=\"elementor-element elementor-element-83e7936 elementor-widget elementor-widget-heading\" data-id=\"83e7936\" data-element_type=\"widget\" data-e-type=\"widget\" data-widget_type=\"heading.default\">\n\t\t\t\t<div class=\"elementor-widget-container\">\n\t\t\t\t\t<h4 class=\"elementor-heading-title elementor-size-default\">Artenvielfalt<\/h4>\t\t\t\t<\/div>\n\t\t\t\t<\/div>\n\t\t\t\t<div class=\"elementor-element elementor-element-7e14a54 elementor-widget elementor-widget-text-editor\" data-id=\"7e14a54\" data-element_type=\"widget\" data-e-type=\"widget\" data-widget_type=\"text-editor.default\">\n\t\t\t\t<div class=\"elementor-widget-container\">\n\t\t\t\t\t\t\t\t\t<p>Setzt sich f\u00fcr st\u00e4dtische Umgebungen ein, die Natur und Wildtiere integrieren und die Koexistenz zwischen menschlichen Gemeinschaften und der nat\u00fcrlichen Welt f\u00f6rdern.<\/p>\n\t\t\t\t\t\t\t\t<\/div>\n\t\t\t\t<\/div>\n\t\t\t\t<div class=\"elementor-element elementor-element-3285be6 elementor-widget elementor-widget-heading\" data-id=\"3285be6\" data-element_type=\"widget\" data-e-type=\"widget\" data-widget_type=\"heading.default\">\n\t\t\t\t<div class=\"elementor-widget-container\">\n\t\t\t\t\t<h4 class=\"elementor-heading-title elementor-size-default\">Gr\u00fcne Energie und Technologie<\/h4>\t\t\t\t<\/div>\n\t\t\t\t<\/div>\n\t\t\t\t<div class=\"elementor-element elementor-element-16ae47e elementor-widget elementor-widget-text-editor\" data-id=\"16ae47e\" data-element_type=\"widget\" data-e-type=\"widget\" data-widget_type=\"text-editor.default\">\n\t\t\t\t<div class=\"elementor-widget-container\">\n\t\t\t\t\t\t\t\t\t<p>&#8222;Solarpunks&#8220; setzen auf einen nachhaltigen Lebensstil, erneuerbare Energiequellen und umweltfreundliche Technologien, um die Umweltbelastung zu reduzieren und den Klimawandel zu verlangsamen.<\/p><p>Technologie dient als Katalysator und R\u00fcckgrat der Solarpunk-Transformation, indem sie ihre Kraft zum Wohle der Menschheit und der Natur nutzt.<\/p>\t\t\t\t\t\t\t\t<\/div>\n\t\t\t\t<\/div>\n\t\t<div class=\"elementor-element elementor-element-efe874e e-con-full e-flex e-con e-child\" data-id=\"efe874e\" data-element_type=\"container\" data-e-type=\"container\">\n\t\t\t\t<div class=\"elementor-element elementor-element-92b8a75 elementor-widget elementor-widget-heading\" data-id=\"92b8a75\" data-element_type=\"widget\" data-e-type=\"widget\" data-widget_type=\"heading.default\">\n\t\t\t\t<div class=\"elementor-widget-container\">\n\t\t\t\t\t<span class=\"elementor-heading-title elementor-size-default\">Solar<\/span>\t\t\t\t<\/div>\n\t\t\t\t<\/div>\n\t\t\t\t<div class=\"elementor-element elementor-element-c800e90 elementor-widget elementor-widget-heading\" data-id=\"c800e90\" data-element_type=\"widget\" data-e-type=\"widget\" data-widget_type=\"heading.default\">\n\t\t\t\t<div class=\"elementor-widget-container\">\n\t\t\t\t\t<span class=\"elementor-heading-title elementor-size-default\">Wind<\/span>\t\t\t\t<\/div>\n\t\t\t\t<\/div>\n\t\t\t\t<div class=\"elementor-element elementor-element-b10eb31 elementor-widget elementor-widget-heading\" data-id=\"b10eb31\" data-element_type=\"widget\" data-e-type=\"widget\" data-widget_type=\"heading.default\">\n\t\t\t\t<div class=\"elementor-widget-container\">\n\t\t\t\t\t<span class=\"elementor-heading-title elementor-size-default\">Wasser<\/span>\t\t\t\t<\/div>\n\t\t\t\t<\/div>\n\t\t\t\t<\/div>\n\t\t\t\t<\/div>\n\t\t\t\t\t<\/div>\n\t\t\t\t<\/div>\n\t\t<div class=\"elementor-element elementor-element-fdfaf55 e-flex e-con-boxed e-con e-parent\" data-id=\"fdfaf55\" data-element_type=\"container\" data-e-type=\"container\">\n\t\t\t\t\t<div class=\"e-con-inner\">\n\t\t<div class=\"elementor-element elementor-element-295aa54 e-con-full e-flex e-con e-child\" data-id=\"295aa54\" data-element_type=\"container\" data-e-type=\"container\">\n\t\t\t\t<div class=\"elementor-element elementor-element-11a7b78 elementor-widget elementor-widget-heading\" data-id=\"11a7b78\" data-element_type=\"widget\" data-e-type=\"widget\" data-widget_type=\"heading.default\">\n\t\t\t\t<div class=\"elementor-widget-container\">\n\t\t\t\t\t<h4 class=\"elementor-heading-title elementor-size-default\">Kunst und \u00c4sthetik<\/h4>\t\t\t\t<\/div>\n\t\t\t\t<\/div>\n\t\t\t\t<div class=\"elementor-element elementor-element-93a4455 elementor-widget elementor-widget-text-editor\" data-id=\"93a4455\" data-element_type=\"widget\" data-e-type=\"widget\" data-widget_type=\"text-editor.default\">\n\t\t\t\t<div class=\"elementor-widget-container\">\n\t\t\t\t\t\t\t\t\t<p>Bilder, Cartoons, B\u00fccher, Filme, Musik, Design und insbesondere Architektur spielen eine wichtige Rolle beim Aufbau und der Verbreitung des Solarpunk-Ethos, wobei der Schwerpunkt auf der Schaffung von inspirierenden und zum Nachdenken anregenden Werken liegt, welche die Ideale der Bewegung unterst\u00fctzen.<\/p>\n<p>Solarpunk f\u00f6rdert eine positive visuelle Anziehungskraft gr\u00fcner und erneuerbarer Technologien, mit dem Ziel, Nachhaltigkeit zu einem w\u00fcnschenswerten und sch\u00f6nen Teil des t\u00e4glichen Lebens zu machen.<\/p>\n\t\t\t\t\t\t\t\t<\/div>\n\t\t\t\t<\/div>\n\t\t<div class=\"elementor-element elementor-element-d4be3c6 e-con-full e-flex e-con e-child\" data-id=\"d4be3c6\" data-element_type=\"container\" data-e-type=\"container\">\n\t\t\t\t<div class=\"elementor-element elementor-element-be6499b elementor-widget elementor-widget-heading\" data-id=\"be6499b\" data-element_type=\"widget\" data-e-type=\"widget\" data-widget_type=\"heading.default\">\n\t\t\t\t<div class=\"elementor-widget-container\">\n\t\t\t\t\t<span class=\"elementor-heading-title elementor-size-default\">Bilder<\/span>\t\t\t\t<\/div>\n\t\t\t\t<\/div>\n\t\t\t\t<div class=\"elementor-element elementor-element-90abfdf elementor-widget elementor-widget-heading\" data-id=\"90abfdf\" data-element_type=\"widget\" data-e-type=\"widget\" data-widget_type=\"heading.default\">\n\t\t\t\t<div class=\"elementor-widget-container\">\n\t\t\t\t\t<span class=\"elementor-heading-title elementor-size-default\">Filme<\/span>\t\t\t\t<\/div>\n\t\t\t\t<\/div>\n\t\t\t\t<div class=\"elementor-element elementor-element-e7532f9 elementor-widget elementor-widget-heading\" data-id=\"e7532f9\" data-element_type=\"widget\" data-e-type=\"widget\" data-widget_type=\"heading.default\">\n\t\t\t\t<div class=\"elementor-widget-container\">\n\t\t\t\t\t<span class=\"elementor-heading-title elementor-size-default\">Architektur<\/span>\t\t\t\t<\/div>\n\t\t\t\t<\/div>\n\t\t\t\t<\/div>\n\t\t\t\t<div class=\"elementor-element elementor-element-0ee5c31 elementor-widget elementor-widget-heading\" data-id=\"0ee5c31\" data-element_type=\"widget\" data-e-type=\"widget\" data-widget_type=\"heading.default\">\n\t\t\t\t<div class=\"elementor-widget-container\">\n\t\t\t\t\t<h4 class=\"elementor-heading-title elementor-size-default\">Punk<\/h4>\t\t\t\t<\/div>\n\t\t\t\t<\/div>\n\t\t\t\t<div class=\"elementor-element elementor-element-db55708 elementor-widget elementor-widget-text-editor\" data-id=\"db55708\" data-element_type=\"widget\" data-e-type=\"widget\" data-widget_type=\"text-editor.default\">\n\t\t\t\t<div class=\"elementor-widget-container\">\n\t\t\t\t\t\t\t\t\t<p>Zum einen impliziert die Bezeichnung einen gewissen Subkultur-Drang, n\u00e4mlich disruptiv und radikal zu sein und die heutige globale Situation in eine bessere zu verwandeln. Zum anderen geht es um Folgendes: W\u00e4hrend Cyberpunk beispielsweise in seiner dystopischen Welt stecken geblieben ist, geht Solarpunk einen Schritt weiter, indem er eine bessere Zukunft im Sinne seiner Prinzipien einfordert.<\/p>\n\t\t\t\t\t\t\t\t<\/div>\n\t\t\t\t<\/div>\n\t\t\t\t<\/div>\n\t\t<div class=\"elementor-element elementor-element-4b77a13 e-con-full e-flex e-con e-child\" data-id=\"4b77a13\" data-element_type=\"container\" data-e-type=\"container\">\n\t\t\t\t<div class=\"elementor-element elementor-element-0f5b413 elementor-widget elementor-widget-image\" data-id=\"0f5b413\" data-element_type=\"widget\" data-e-type=\"widget\" data-widget_type=\"image.default\">\n\t\t\t\t<div class=\"elementor-widget-container\">\n\t\t\t\t\t\t\t\t\t\t\t\t\t\t\t<img decoding=\"async\" width=\"800\" height=\"832\" data-src=\"https:\/\/solarpunkcities.com\/wp-content\/uploads\/2024\/07\/Solarpunk-about3-985x1024.png\" class=\"attachment-large size-large wp-image-1245 lazyload\" alt=\"\" data-srcset=\"https:\/\/solarpunkcities.com\/wp-content\/uploads\/2024\/07\/Solarpunk-about3-985x1024.png 985w, https:\/\/solarpunkcities.com\/wp-content\/uploads\/2024\/07\/Solarpunk-about3-e1720626274766-288x300.png 288w\" data-sizes=\"(max-width: 800px) 100vw, 800px\" src=\"data:image\/svg+xml;base64,PHN2ZyB3aWR0aD0iMSIgaGVpZ2h0PSIxIiB4bWxucz0iaHR0cDovL3d3dy53My5vcmcvMjAwMC9zdmciPjwvc3ZnPg==\" style=\"--smush-placeholder-width: 800px; --smush-placeholder-aspect-ratio: 800\/832;\" \/>\t\t\t\t\t\t\t\t\t\t\t\t\t\t\t<\/div>\n\t\t\t\t<\/div>\n\t\t\t\t<\/div>\n\t\t\t\t\t<\/div>\n\t\t\t\t<\/div>\n\t\t\t\t<\/div>\n\t\t","protected":false},"excerpt":{"rendered":"<p>Vision Was ist Solarpunk \u00fcberhaupt? Solarpunk ist eine zukunftsweisende Kultur- und Designphilosophie, die eine nachhaltige, umweltfreundliche und optimistische Zukunft anstrebt. Es kombiniert Elemente des Umweltschutzes, der erneuerbaren Energien und der Technologie, um eine integrative und harmonische Welt zu schaffen. Schaut auch unser Video What&#8217;s Solarpunk? Solarpunk-Prinzipien Optimismus Soziale und Gerechtigkeitsaspekte Dezentralisierung Artenvielfalt Gr\u00fcne Energie und [&hellip;]<\/p>\n","protected":false},"author":1,"featured_media":0,"parent":0,"menu_order":0,"comment_status":"closed","ping_status":"closed","template":"","meta":{"footnotes":""},"class_list":["post-1395","page","type-page","status-publish","hentry"],"_links":{"self":[{"href":"https:\/\/solarpunkcities.com\/de\/wp-json\/wp\/v2\/pages\/1395","targetHints":{"allow":["GET"]}}],"collection":[{"href":"https:\/\/solarpunkcities.com\/de\/wp-json\/wp\/v2\/pages"}],"about":[{"href":"https:\/\/solarpunkcities.com\/de\/wp-json\/wp\/v2\/types\/page"}],"author":[{"embeddable":true,"href":"https:\/\/solarpunkcities.com\/de\/wp-json\/wp\/v2\/users\/1"}],"replies":[{"embeddable":true,"href":"https:\/\/solarpunkcities.com\/de\/wp-json\/wp\/v2\/comments?post=1395"}],"version-history":[{"count":5,"href":"https:\/\/solarpunkcities.com\/de\/wp-json\/wp\/v2\/pages\/1395\/revisions"}],"predecessor-version":[{"id":32457,"href":"https:\/\/solarpunkcities.com\/de\/wp-json\/wp\/v2\/pages\/1395\/revisions\/32457"}],"wp:attachment":[{"href":"https:\/\/solarpunkcities.com\/de\/wp-json\/wp\/v2\/media?parent=1395"}],"curies":[{"name":"wp","href":"https:\/\/api.w.org\/{rel}","templated":true}]}}