{"id":1463,"date":"2024-07-09T18:17:55","date_gmt":"2024-07-09T16:17:55","guid":{"rendered":"https:\/\/solarpunkcities.com\/ueber\/"},"modified":"2026-01-08T12:18:15","modified_gmt":"2026-01-08T10:18:15","slug":"ueber-uns","status":"publish","type":"page","link":"https:\/\/solarpunkcities.com\/de\/ueber-uns\/","title":{"rendered":"\u00dcber uns"},"content":{"rendered":"\t\t<div data-elementor-type=\"wp-page\" data-elementor-id=\"1463\" class=\"elementor elementor-1463 elementor-136\" data-elementor-post-type=\"page\">\n\t\t\t\t<div class=\"elementor-element elementor-element-87857e2 e-con-full e-flex e-con e-parent\" data-id=\"87857e2\" data-element_type=\"container\" data-e-type=\"container\" data-settings=\"{&quot;background_background&quot;:&quot;classic&quot;}\">\n\t\t<div class=\"elementor-element elementor-element-28cbc42 e-con-full e-flex e-con e-child\" data-id=\"28cbc42\" data-element_type=\"container\" data-e-type=\"container\">\n\t\t\t\t<div class=\"elementor-element elementor-element-01960f4 elementor-widget elementor-widget-heading\" data-id=\"01960f4\" data-element_type=\"widget\" data-e-type=\"widget\" data-widget_type=\"heading.default\">\n\t\t\t\t<div class=\"elementor-widget-container\">\n\t\t\t\t\t<span class=\"elementor-heading-title elementor-size-default\">\u00dcber uns<\/span>\t\t\t\t<\/div>\n\t\t\t\t<\/div>\n\t\t<div class=\"elementor-element elementor-element-b8b651e e-grid e-con-full e-con e-child\" data-id=\"b8b651e\" data-element_type=\"container\" data-e-type=\"container\" data-settings=\"{&quot;background_background&quot;:&quot;classic&quot;}\">\n\t\t<div class=\"elementor-element elementor-element-a47c2f1 e-con-full e-flex e-con e-child\" data-id=\"a47c2f1\" data-element_type=\"container\" data-e-type=\"container\" data-settings=\"{&quot;background_background&quot;:&quot;classic&quot;}\">\n\t\t\t\t<\/div>\n\t\t<div class=\"elementor-element elementor-element-10d0b89 e-con-full e-flex e-con e-child\" data-id=\"10d0b89\" data-element_type=\"container\" data-e-type=\"container\" data-settings=\"{&quot;background_background&quot;:&quot;classic&quot;}\">\n\t\t\t\t<\/div>\n\t\t<div class=\"elementor-element elementor-element-e9a20a8 e-con-full e-flex e-con e-child\" data-id=\"e9a20a8\" data-element_type=\"container\" data-e-type=\"container\" data-settings=\"{&quot;background_background&quot;:&quot;classic&quot;}\">\n\t\t\t\t<\/div>\n\t\t\t\t<\/div>\n\t\t\t\t<\/div>\n\t\t<div class=\"elementor-element elementor-element-03776e6 e-flex e-con-boxed e-con e-child\" data-id=\"03776e6\" data-element_type=\"container\" data-e-type=\"container\">\n\t\t\t\t\t<div class=\"e-con-inner\">\n\t\t<a class=\"elementor-element elementor-element-d6adbb2 e-con-full e-flex e-con e-child\" data-id=\"d6adbb2\" data-element_type=\"container\" data-e-type=\"container\" data-settings=\"{&quot;background_background&quot;:&quot;classic&quot;}\" href=\"https:\/\/solarpunkcities.com\/de\/discover\/stadt-projekte\/\">\n\t\t\t\t<div class=\"elementor-element elementor-element-10d6dd6 elementor-widget elementor-widget-heading\" data-id=\"10d6dd6\" data-element_type=\"widget\" data-e-type=\"widget\" data-widget_type=\"heading.default\">\n\t\t\t\t<div class=\"elementor-widget-container\">\n\t\t\t\t\t<h5 class=\"elementor-heading-title elementor-size-default\">Bianca Buchold<\/h5>\t\t\t\t<\/div>\n\t\t\t\t<\/div>\n\t\t\t\t<div class=\"elementor-element elementor-element-cb9724b elementor-widget elementor-widget-text-editor\" data-id=\"cb9724b\" data-element_type=\"widget\" data-e-type=\"widget\" data-widget_type=\"text-editor.default\">\n\t\t\t\t<div class=\"elementor-widget-container\">\n\t\t\t\t\t\t\t\t\t<p>hat einen Doktortitel in Elektrotechnik und verf\u00fcgt \u00fcber eine Erfolgsbilanz in der Telekommunikations- und Automobilindustrie<\/p>\t\t\t\t\t\t\t\t<\/div>\n\t\t\t\t<\/div>\n\t\t\t\t<\/a>\n\t\t<a class=\"elementor-element elementor-element-00fecca e-con-full e-flex e-con e-child\" data-id=\"00fecca\" data-element_type=\"container\" data-e-type=\"container\" data-settings=\"{&quot;background_background&quot;:&quot;classic&quot;}\" href=\"https:\/\/solarpunkcities.com\/de\/discover\/stadt-projekte\/\">\n\t\t\t\t<div class=\"elementor-element elementor-element-f84a4e0 elementor-widget elementor-widget-heading\" data-id=\"f84a4e0\" data-element_type=\"widget\" data-e-type=\"widget\" data-widget_type=\"heading.default\">\n\t\t\t\t<div class=\"elementor-widget-container\">\n\t\t\t\t\t<h5 class=\"elementor-heading-title elementor-size-default\">Anthony Mason<\/h5>\t\t\t\t<\/div>\n\t\t\t\t<\/div>\n\t\t\t\t<div class=\"elementor-element elementor-element-44df8d7 elementor-widget elementor-widget-text-editor\" data-id=\"44df8d7\" data-element_type=\"widget\" data-e-type=\"widget\" data-widget_type=\"text-editor.default\">\n\t\t\t\t<div class=\"elementor-widget-container\">\n\t\t\t\t\t\t\t\t\t<p>BSc PhD CEng MIET, in den Bereichen Telekommunikation und Eisenbahn<\/p>\t\t\t\t\t\t\t\t<\/div>\n\t\t\t\t<\/div>\n\t\t\t\t<\/a>\n\t\t<a class=\"elementor-element elementor-element-e532fe9 e-con-full e-flex e-con e-child\" data-id=\"e532fe9\" data-element_type=\"container\" data-e-type=\"container\" data-settings=\"{&quot;background_background&quot;:&quot;classic&quot;}\" href=\"https:\/\/solarpunkcities.com\/de\/discover\/stadt-projekte\/\">\n\t\t\t\t<div class=\"elementor-element elementor-element-ccf9f49 elementor-widget elementor-widget-heading\" data-id=\"ccf9f49\" data-element_type=\"widget\" data-e-type=\"widget\" data-widget_type=\"heading.default\">\n\t\t\t\t<div class=\"elementor-widget-container\">\n\t\t\t\t\t<h5 class=\"elementor-heading-title elementor-size-default\">Eric Buchold<\/h5>\t\t\t\t<\/div>\n\t\t\t\t<\/div>\n\t\t\t\t<div class=\"elementor-element elementor-element-aa78110 elementor-widget elementor-widget-text-editor\" data-id=\"aa78110\" data-element_type=\"widget\" data-e-type=\"widget\" data-widget_type=\"text-editor.default\">\n\t\t\t\t<div class=\"elementor-widget-container\">\n\t\t\t\t\t\t\t\t\t<p>einen Bachelor of Science in Chemischer Biotechnologie von der TU M\u00fcnchen und einen Master of Science in Management of Technology von der TU Delft<\/p>\t\t\t\t\t\t\t\t<\/div>\n\t\t\t\t<\/div>\n\t\t\t\t<\/a>\n\t\t\t\t\t<\/div>\n\t\t\t\t<\/div>\n\t\t\t\t<\/div>\n\t\t<div class=\"elementor-element elementor-element-1e91ad5 e-flex e-con-boxed e-con e-parent\" data-id=\"1e91ad5\" data-element_type=\"container\" data-e-type=\"container\">\n\t\t\t\t\t<div class=\"e-con-inner\">\n\t\t<div class=\"elementor-element elementor-element-e0fedf8 e-con-full e-flex e-con e-child\" data-id=\"e0fedf8\" data-element_type=\"container\" data-e-type=\"container\">\n\t\t\t\t<div class=\"elementor-element elementor-element-a9e954a elementor-widget elementor-widget-heading\" data-id=\"a9e954a\" data-element_type=\"widget\" data-e-type=\"widget\" data-widget_type=\"heading.default\">\n\t\t\t\t<div class=\"elementor-widget-container\">\n\t\t\t\t\t<h2 class=\"elementor-heading-title elementor-size-default\">Unsere <b>Vision<\/b><\/h2>\t\t\t\t<\/div>\n\t\t\t\t<\/div>\n\t\t\t\t<div class=\"elementor-element elementor-element-7c216e3 elementor-widget elementor-widget-text-editor\" data-id=\"7c216e3\" data-element_type=\"widget\" data-e-type=\"widget\" data-widget_type=\"text-editor.default\">\n\t\t\t\t<div class=\"elementor-widget-container\">\n\t\t\t\t\t\t\t\t\t<p>Angesichts der Herausforderungen, mit denen die Menschheit heute konfrontiert ist, fanden wir, dass es an der Zeit war, unsere Energie und Erfahrungen der Solarpunk-Bewegung zu widmen. Wir werden einen optimistischen Blick in die Zukunft wagen und zeigen, dass Solarpunk nicht nur vision\u00e4r ist, sondern bereits an Fahrt gewonnen hat.<\/p><p>Aufgrund unseres beruflichen Hintergrunds verstehen wir die Technologie und glauben fest an ihr Potenzial, die Probleme von heute anzugehen und den Weg f\u00fcr eine nachhaltige Zukunft f\u00fcr alle Wesen auf diesem Planeten zu ebnen.<\/p>\t\t\t\t\t\t\t\t<\/div>\n\t\t\t\t<\/div>\n\t\t\t\t<div class=\"elementor-element elementor-element-cfdaeb0 elementor-widget elementor-widget-text-editor\" data-id=\"cfdaeb0\" data-element_type=\"widget\" data-e-type=\"widget\" data-widget_type=\"text-editor.default\">\n\t\t\t\t<div class=\"elementor-widget-container\">\n\t\t\t\t\t\t\t\t\t<p>Danke f\u00fcr den Besuch dieser Website &#8211; Bianca, Anthony und Eric<\/p>\t\t\t\t\t\t\t\t<\/div>\n\t\t\t\t<\/div>\n\t\t\t\t<\/div>\n\t\t<div class=\"elementor-element elementor-element-68a356b e-con-full e-flex e-con e-child\" data-id=\"68a356b\" data-element_type=\"container\" data-e-type=\"container\">\n\t\t\t\t<div class=\"elementor-element elementor-element-3ec9fa3 elementor-widget elementor-widget-image\" data-id=\"3ec9fa3\" data-element_type=\"widget\" data-e-type=\"widget\" data-widget_type=\"image.default\">\n\t\t\t\t<div class=\"elementor-widget-container\">\n\t\t\t\t\t\t\t\t\t\t\t\t\t\t\t<img fetchpriority=\"high\" decoding=\"async\" width=\"800\" height=\"809\" src=\"https:\/\/solarpunkcities.com\/wp-content\/uploads\/2024\/07\/About-us-e1720540095780-1012x1024.png\" class=\"attachment-large size-large wp-image-1227\" alt=\"\" srcset=\"https:\/\/solarpunkcities.com\/wp-content\/uploads\/2024\/07\/About-us-e1720540095780-1012x1024.png 1012w, https:\/\/solarpunkcities.com\/wp-content\/uploads\/2024\/07\/About-us-e1720540095780-296x300.png 296w, https:\/\/solarpunkcities.com\/wp-content\/uploads\/2024\/07\/About-us-e1720540095780-768x777.png 768w, https:\/\/solarpunkcities.com\/wp-content\/uploads\/2024\/07\/About-us-e1720540095780.png 1179w\" sizes=\"(max-width: 800px) 100vw, 800px\" \/>\t\t\t\t\t\t\t\t\t\t\t\t\t\t\t<\/div>\n\t\t\t\t<\/div>\n\t\t\t\t<\/div>\n\t\t\t\t\t<\/div>\n\t\t\t\t<\/div>\n\t\t<div class=\"elementor-element elementor-element-3d4ce7be e-flex e-con-boxed e-con e-parent\" data-id=\"3d4ce7be\" data-element_type=\"container\" data-e-type=\"container\" id=\"topics\" data-settings=\"{&quot;background_background&quot;:&quot;classic&quot;}\">\n\t\t\t\t\t<div class=\"e-con-inner\">\n\t\t\t\t<div class=\"elementor-element elementor-element-67e9c1ec elementor-widget elementor-widget-heading\" data-id=\"67e9c1ec\" data-element_type=\"widget\" data-e-type=\"widget\" data-widget_type=\"heading.default\">\n\t\t\t\t<div class=\"elementor-widget-container\">\n\t\t\t\t\t<h2 class=\"elementor-heading-title elementor-size-default\">Erfahrt mehr \u00fcber <b>unsere Themen<\/b><\/h2>\t\t\t\t<\/div>\n\t\t\t\t<\/div>\n\t\t\t\t<div class=\"elementor-element elementor-element-5a0ab5a8 elementor-widget__width-initial elementor-widget elementor-widget-text-editor\" data-id=\"5a0ab5a8\" data-element_type=\"widget\" data-e-type=\"widget\" data-widget_type=\"text-editor.default\">\n\t\t\t\t<div class=\"elementor-widget-container\">\n\t\t\t\t\t\t\t\t\t<p>Diese Website solarpunkcities.com richtet sich an ein globales, vielf\u00e4ltiges Publikum, das ein Interesse an nachhaltigem Leben, umweltfreundlichen Technologien und positiven Zukunftsvisionen hat.<\/p>\t\t\t\t\t\t\t\t<\/div>\n\t\t\t\t<\/div>\n\t\t<div class=\"elementor-element elementor-element-29f58db1 e-grid e-con-full e-con e-child\" data-id=\"29f58db1\" data-element_type=\"container\" data-e-type=\"container\">\n\t\t<a class=\"elementor-element elementor-element-deee775 e-con-full e-flex e-con e-child\" data-id=\"deee775\" data-element_type=\"container\" data-e-type=\"container\" data-settings=\"{&quot;background_background&quot;:&quot;classic&quot;}\" href=\"https:\/\/solarpunkcities.com\/de\/discover\/stadt-projekte\/\">\n\t\t\t\t<div class=\"elementor-element elementor-element-77bbee79 elementor-widget elementor-widget-image\" data-id=\"77bbee79\" data-element_type=\"widget\" data-e-type=\"widget\" data-widget_type=\"image.default\">\n\t\t\t\t<div class=\"elementor-widget-container\">\n\t\t\t\t\t\t\t\t\t\t\t\t\t\t\t<img decoding=\"async\" width=\"220\" height=\"220\" data-src=\"https:\/\/solarpunkcities.com\/wp-content\/uploads\/2024\/07\/City-projects-icon.png\" class=\"attachment-large size-large wp-image-1220 lazyload\" alt=\"\" data-srcset=\"https:\/\/solarpunkcities.com\/wp-content\/uploads\/2024\/07\/City-projects-icon.png 220w, https:\/\/solarpunkcities.com\/wp-content\/uploads\/2024\/07\/City-projects-icon-150x150.png 150w\" data-sizes=\"(max-width: 220px) 100vw, 220px\" src=\"data:image\/svg+xml;base64,PHN2ZyB3aWR0aD0iMSIgaGVpZ2h0PSIxIiB4bWxucz0iaHR0cDovL3d3dy53My5vcmcvMjAwMC9zdmciPjwvc3ZnPg==\" style=\"--smush-placeholder-width: 220px; --smush-placeholder-aspect-ratio: 220\/220;\" \/>\t\t\t\t\t\t\t\t\t\t\t\t\t\t\t<\/div>\n\t\t\t\t<\/div>\n\t\t\t\t<div class=\"elementor-element elementor-element-47edab7c elementor-widget elementor-widget-heading\" data-id=\"47edab7c\" data-element_type=\"widget\" data-e-type=\"widget\" data-widget_type=\"heading.default\">\n\t\t\t\t<div class=\"elementor-widget-container\">\n\t\t\t\t\t<h5 class=\"elementor-heading-title elementor-size-default\">Stadtprojekte<\/h5>\t\t\t\t<\/div>\n\t\t\t\t<\/div>\n\t\t\t\t<div class=\"elementor-element elementor-element-31695e0d elementor-widget elementor-widget-text-editor\" data-id=\"31695e0d\" data-element_type=\"widget\" data-e-type=\"widget\" data-widget_type=\"text-editor.default\">\n\t\t\t\t<div class=\"elementor-widget-container\">\n\t\t\t\t\t\t\t\t\t<p>\u201eStadtprojekte&#8220; l\u00e4dt auf eine Reise durch St\u00e4dte ein, die damit begonnen haben, Solarpunk-Prinzipien in ihr st\u00e4dtisches Gef\u00fcge einzuweben&#8230;<\/p>\t\t\t\t\t\t\t\t<\/div>\n\t\t\t\t<\/div>\n\t\t\t\t<\/a>\n\t\t<a class=\"elementor-element elementor-element-60f3c99e e-con-full e-flex e-con e-child\" data-id=\"60f3c99e\" data-element_type=\"container\" data-e-type=\"container\" data-settings=\"{&quot;background_background&quot;:&quot;classic&quot;}\" href=\"https:\/\/solarpunkcities.com\/de\/discover\/technologie\/\">\n\t\t\t\t<div class=\"elementor-element elementor-element-3b60c044 elementor-widget elementor-widget-image\" data-id=\"3b60c044\" data-element_type=\"widget\" data-e-type=\"widget\" data-widget_type=\"image.default\">\n\t\t\t\t<div class=\"elementor-widget-container\">\n\t\t\t\t\t\t\t\t\t\t\t\t\t\t\t<img decoding=\"async\" width=\"220\" height=\"220\" data-src=\"https:\/\/solarpunkcities.com\/wp-content\/uploads\/2024\/07\/Technology-icon.png\" class=\"attachment-large size-large wp-image-1224 lazyload\" alt=\"\" data-srcset=\"https:\/\/solarpunkcities.com\/wp-content\/uploads\/2024\/07\/Technology-icon.png 220w, https:\/\/solarpunkcities.com\/wp-content\/uploads\/2024\/07\/Technology-icon-150x150.png 150w\" data-sizes=\"(max-width: 220px) 100vw, 220px\" src=\"data:image\/svg+xml;base64,PHN2ZyB3aWR0aD0iMSIgaGVpZ2h0PSIxIiB4bWxucz0iaHR0cDovL3d3dy53My5vcmcvMjAwMC9zdmciPjwvc3ZnPg==\" style=\"--smush-placeholder-width: 220px; --smush-placeholder-aspect-ratio: 220\/220;\" \/>\t\t\t\t\t\t\t\t\t\t\t\t\t\t\t<\/div>\n\t\t\t\t<\/div>\n\t\t\t\t<div class=\"elementor-element elementor-element-430f9b7c elementor-widget elementor-widget-heading\" data-id=\"430f9b7c\" data-element_type=\"widget\" data-e-type=\"widget\" data-widget_type=\"heading.default\">\n\t\t\t\t<div class=\"elementor-widget-container\">\n\t\t\t\t\t<h5 class=\"elementor-heading-title elementor-size-default\">Technologie<\/h5>\t\t\t\t<\/div>\n\t\t\t\t<\/div>\n\t\t\t\t<div class=\"elementor-element elementor-element-3512b1de elementor-widget elementor-widget-text-editor\" data-id=\"3512b1de\" data-element_type=\"widget\" data-e-type=\"widget\" data-widget_type=\"text-editor.default\">\n\t\t\t\t<div class=\"elementor-widget-container\">\n\t\t\t\t\t\t\t\t\t<p>Technologie dient als Katalysator und R\u00fcckgrat f\u00fcr die Solarpunk-Transformation, indem sie ihre Kraft zum Wohle der Menschheit und der Natur einsetzt&#8230;<\/p>\t\t\t\t\t\t\t\t<\/div>\n\t\t\t\t<\/div>\n\t\t\t\t<\/a>\n\t\t<a class=\"elementor-element elementor-element-53542ff5 e-con-full e-flex e-con e-child\" data-id=\"53542ff5\" data-element_type=\"container\" data-e-type=\"container\" data-settings=\"{&quot;background_background&quot;:&quot;classic&quot;}\" href=\"https:\/\/solarpunkcities.com\/de\/discover\/energie\/\">\n\t\t\t\t<div class=\"elementor-element elementor-element-5fa02b4b elementor-widget elementor-widget-image\" data-id=\"5fa02b4b\" data-element_type=\"widget\" data-e-type=\"widget\" data-widget_type=\"image.default\">\n\t\t\t\t<div class=\"elementor-widget-container\">\n\t\t\t\t\t\t\t\t\t\t\t\t\t\t\t<img decoding=\"async\" width=\"220\" height=\"220\" data-src=\"https:\/\/solarpunkcities.com\/wp-content\/uploads\/2024\/07\/Energy-icon.png\" class=\"attachment-large size-large wp-image-1222 lazyload\" alt=\"\" data-srcset=\"https:\/\/solarpunkcities.com\/wp-content\/uploads\/2024\/07\/Energy-icon.png 220w, https:\/\/solarpunkcities.com\/wp-content\/uploads\/2024\/07\/Energy-icon-150x150.png 150w\" data-sizes=\"(max-width: 220px) 100vw, 220px\" src=\"data:image\/svg+xml;base64,PHN2ZyB3aWR0aD0iMSIgaGVpZ2h0PSIxIiB4bWxucz0iaHR0cDovL3d3dy53My5vcmcvMjAwMC9zdmciPjwvc3ZnPg==\" style=\"--smush-placeholder-width: 220px; --smush-placeholder-aspect-ratio: 220\/220;\" \/>\t\t\t\t\t\t\t\t\t\t\t\t\t\t\t<\/div>\n\t\t\t\t<\/div>\n\t\t\t\t<div class=\"elementor-element elementor-element-1da37b6b elementor-widget elementor-widget-heading\" data-id=\"1da37b6b\" data-element_type=\"widget\" data-e-type=\"widget\" data-widget_type=\"heading.default\">\n\t\t\t\t<div class=\"elementor-widget-container\">\n\t\t\t\t\t<h5 class=\"elementor-heading-title elementor-size-default\">Energie<\/h5>\t\t\t\t<\/div>\n\t\t\t\t<\/div>\n\t\t\t\t<div class=\"elementor-element elementor-element-5b5edbad elementor-widget elementor-widget-text-editor\" data-id=\"5b5edbad\" data-element_type=\"widget\" data-e-type=\"widget\" data-widget_type=\"text-editor.default\">\n\t\t\t\t<div class=\"elementor-widget-container\">\n\t\t\t\t\t\t\t\t\t<p>Der Abschnitt Energie f\u00fchrt euch durch nachhaltige Energieerzeugungsmethoden, die \u00fcber herk\u00f6mmliche Solar-, Wind- oder Wasserkraftwerke hinausgehen&#8230;<\/p>\t\t\t\t\t\t\t\t<\/div>\n\t\t\t\t<\/div>\n\t\t\t\t<\/a>\n\t\t\t\t<\/div>\n\t\t<div class=\"elementor-element elementor-element-30231e73 e-grid e-con-full e-con e-child\" data-id=\"30231e73\" data-element_type=\"container\" data-e-type=\"container\">\n\t\t<a class=\"elementor-element elementor-element-3ecffc1b e-con-full e-flex e-con e-child\" data-id=\"3ecffc1b\" data-element_type=\"container\" data-e-type=\"container\" data-settings=\"{&quot;background_background&quot;:&quot;classic&quot;}\" href=\"https:\/\/solarpunkcities.com\/de\/discover\/kunst\/\">\n\t\t\t\t<div class=\"elementor-element elementor-element-4fc9edb8 elementor-widget elementor-widget-image\" data-id=\"4fc9edb8\" data-element_type=\"widget\" data-e-type=\"widget\" data-widget_type=\"image.default\">\n\t\t\t\t<div class=\"elementor-widget-container\">\n\t\t\t\t\t\t\t\t\t\t\t\t\t\t\t<img decoding=\"async\" width=\"220\" height=\"220\" data-src=\"https:\/\/solarpunkcities.com\/wp-content\/uploads\/2024\/07\/Arts-icon.png\" class=\"attachment-large size-large wp-image-1221 lazyload\" alt=\"\" data-srcset=\"https:\/\/solarpunkcities.com\/wp-content\/uploads\/2024\/07\/Arts-icon.png 220w, https:\/\/solarpunkcities.com\/wp-content\/uploads\/2024\/07\/Arts-icon-150x150.png 150w\" data-sizes=\"(max-width: 220px) 100vw, 220px\" src=\"data:image\/svg+xml;base64,PHN2ZyB3aWR0aD0iMSIgaGVpZ2h0PSIxIiB4bWxucz0iaHR0cDovL3d3dy53My5vcmcvMjAwMC9zdmciPjwvc3ZnPg==\" style=\"--smush-placeholder-width: 220px; --smush-placeholder-aspect-ratio: 220\/220;\" \/>\t\t\t\t\t\t\t\t\t\t\t\t\t\t\t<\/div>\n\t\t\t\t<\/div>\n\t\t\t\t<div class=\"elementor-element elementor-element-40dae55b elementor-widget elementor-widget-heading\" data-id=\"40dae55b\" data-element_type=\"widget\" data-e-type=\"widget\" data-widget_type=\"heading.default\">\n\t\t\t\t<div class=\"elementor-widget-container\">\n\t\t\t\t\t<h5 class=\"elementor-heading-title elementor-size-default\">Kunst<\/h5>\t\t\t\t<\/div>\n\t\t\t\t<\/div>\n\t\t\t\t<div class=\"elementor-element elementor-element-62c9ce96 elementor-widget elementor-widget-text-editor\" data-id=\"62c9ce96\" data-element_type=\"widget\" data-e-type=\"widget\" data-widget_type=\"text-editor.default\">\n\t\t\t\t<div class=\"elementor-widget-container\">\n\t\t\t\t\t\t\t\t\t<p>Die Kunst ist ein Grundpfeiler der Solarpunk-Bewegung, da sie ihre Vision und Designphilosophie durch verschiedene Medien verk\u00f6rpert und darstellt&#8230;<\/p>\t\t\t\t\t\t\t\t<\/div>\n\t\t\t\t<\/div>\n\t\t\t\t<\/a>\n\t\t<a class=\"elementor-element elementor-element-36040447 e-con-full e-flex e-con e-child\" data-id=\"36040447\" data-element_type=\"container\" data-e-type=\"container\" data-settings=\"{&quot;background_background&quot;:&quot;classic&quot;}\" href=\"https:\/\/solarpunkcities.com\/de\/discover\/gesundheit\/\">\n\t\t\t\t<div class=\"elementor-element elementor-element-11cf34a6 elementor-widget elementor-widget-image\" data-id=\"11cf34a6\" data-element_type=\"widget\" data-e-type=\"widget\" data-widget_type=\"image.default\">\n\t\t\t\t<div class=\"elementor-widget-container\">\n\t\t\t\t\t\t\t\t\t\t\t\t\t\t\t<img decoding=\"async\" width=\"220\" height=\"220\" data-src=\"https:\/\/solarpunkcities.com\/wp-content\/uploads\/2024\/07\/Health-icon.png\" class=\"attachment-large size-large wp-image-1223 lazyload\" alt=\"\" data-srcset=\"https:\/\/solarpunkcities.com\/wp-content\/uploads\/2024\/07\/Health-icon.png 220w, https:\/\/solarpunkcities.com\/wp-content\/uploads\/2024\/07\/Health-icon-150x150.png 150w\" data-sizes=\"(max-width: 220px) 100vw, 220px\" src=\"data:image\/svg+xml;base64,PHN2ZyB3aWR0aD0iMSIgaGVpZ2h0PSIxIiB4bWxucz0iaHR0cDovL3d3dy53My5vcmcvMjAwMC9zdmciPjwvc3ZnPg==\" style=\"--smush-placeholder-width: 220px; --smush-placeholder-aspect-ratio: 220\/220;\" \/>\t\t\t\t\t\t\t\t\t\t\t\t\t\t\t<\/div>\n\t\t\t\t<\/div>\n\t\t\t\t<div class=\"elementor-element elementor-element-4206452b elementor-widget elementor-widget-heading\" data-id=\"4206452b\" data-element_type=\"widget\" data-e-type=\"widget\" data-widget_type=\"heading.default\">\n\t\t\t\t<div class=\"elementor-widget-container\">\n\t\t\t\t\t<h5 class=\"elementor-heading-title elementor-size-default\">Gesundheit<\/h5>\t\t\t\t<\/div>\n\t\t\t\t<\/div>\n\t\t\t\t<div class=\"elementor-element elementor-element-7384bf48 elementor-widget elementor-widget-text-editor\" data-id=\"7384bf48\" data-element_type=\"widget\" data-e-type=\"widget\" data-widget_type=\"text-editor.default\">\n\t\t\t\t<div class=\"elementor-widget-container\">\n\t\t\t\t\t\t\t\t\t<p>Gesundheit, oft ausgelassen, ist f\u00fcr uns ein wesentlicher Aspekt der Solarpunk-Vision. Um wirklich eine strahlende, optimistische Zukunft zu kultivieren, m\u00fcssen wir auf die Reduzierung von Gesundheitsproblemen hinarbeiten&#8230; <\/p>\t\t\t\t\t\t\t\t<\/div>\n\t\t\t\t<\/div>\n\t\t\t\t<\/a>\n\t\t\t\t<\/div>\n\t\t\t\t\t<\/div>\n\t\t\t\t<\/div>\n\t\t\t\t<\/div>\n\t\t","protected":false},"excerpt":{"rendered":"<p>\u00dcber uns Bianca Buchold hat einen Doktortitel in Elektrotechnik und verf\u00fcgt \u00fcber eine Erfolgsbilanz in der Telekommunikations- und Automobilindustrie Anthony Mason BSc PhD CEng MIET, in den Bereichen Telekommunikation und Eisenbahn Eric Buchold einen Bachelor of Science in Chemischer Biotechnologie von der TU M\u00fcnchen und einen Master of Science in Management of Technology von der [&hellip;]<\/p>\n","protected":false},"author":1,"featured_media":0,"parent":0,"menu_order":0,"comment_status":"closed","ping_status":"closed","template":"","meta":{"footnotes":""},"class_list":["post-1463","page","type-page","status-publish","hentry"],"_links":{"self":[{"href":"https:\/\/solarpunkcities.com\/de\/wp-json\/wp\/v2\/pages\/1463","targetHints":{"allow":["GET"]}}],"collection":[{"href":"https:\/\/solarpunkcities.com\/de\/wp-json\/wp\/v2\/pages"}],"about":[{"href":"https:\/\/solarpunkcities.com\/de\/wp-json\/wp\/v2\/types\/page"}],"author":[{"embeddable":true,"href":"https:\/\/solarpunkcities.com\/de\/wp-json\/wp\/v2\/users\/1"}],"replies":[{"embeddable":true,"href":"https:\/\/solarpunkcities.com\/de\/wp-json\/wp\/v2\/comments?post=1463"}],"version-history":[{"count":5,"href":"https:\/\/solarpunkcities.com\/de\/wp-json\/wp\/v2\/pages\/1463\/revisions"}],"predecessor-version":[{"id":34400,"href":"https:\/\/solarpunkcities.com\/de\/wp-json\/wp\/v2\/pages\/1463\/revisions\/34400"}],"wp:attachment":[{"href":"https:\/\/solarpunkcities.com\/de\/wp-json\/wp\/v2\/media?parent=1463"}],"curies":[{"name":"wp","href":"https:\/\/api.w.org\/{rel}","templated":true}]}}